{"id":2,"date":"2021-07-10T03:48:00","date_gmt":"2021-07-10T03:48:00","guid":{"rendered":"http:\/\/unser-domizil.de\/?page_id=2"},"modified":"2021-07-24T14:25:19","modified_gmt":"2021-07-24T14:25:19","slug":"sample-page","status":"publish","type":"page","link":"https:\/\/unser-domizil.de\/?page_id=2","title":{"rendered":"Ein soziales Wohn-Modell"},"content":{"rendered":"<p>In der Wohnanlage &#8220;Unser Domizil&#8221; sollen Familien und Freunde zu erschwinglichen Mieten einen Platz zum Wohnen und Erholen finden.\u00a0Jeder Mietpartei steht in Form der eigenen Wohnung ein pers\u00f6nlicher privater Platz zur freien Entfaltung zu; die zus\u00e4tzlich verf\u00fcgbaren Gemeinschaftsfl\u00e4chen innen und drau\u00dfen sollen nach den gemeinsamen W\u00fcnschen der Bewohner einzeln und\/oder gemeinschaftlich genutzt und bewirtschaftet werden.<\/p>\n<p>Damit die nachbarliche Gemeinschaft auf Dauer funktionieren kann , wird von Seiten des Eigent\u00fcmers Wert auf Toleranz, R\u00fccksichtnahme und Harmonie der Mietparteien untereinander gelegt. Nach \u00dcberzeugung des Eigent\u00fcmers ist die passende Zusammensetzung der Mietparteien der wichtigste Schl\u00fcssel zum maximalen Wohnkomfort.<\/p>\n<p>Deshalb bitten wir beim Freiwerden einzelner Wohnungen Interessenten, vorab eine kurze Bewerbung einzureichen, in der Sie sich vorstellen (wer soll die Wohnung bewohnen? Alter und Beruf? Welche Anforderungen werden an die neue Wohnsituation gestellt?\u00a0 z.B. Ruhebed\u00fcrfnis, Entfaltungsm\u00f6glichkeiten der Kinder, M\u00f6glichkeit der Gartengestaltung, etc. ?).<\/p>\n<p>Bitte richten Sie Ihr Schreiben an:<\/p>\n<p>Prof. Dr. Wolfgang Goetzke, Siegfried-von-Westerburg Str. 12. 50374 Erftstadt<\/p>\n<div>Einen weiterer interessanter Beitrag zum Thema &#8220;Mietervereine Neues Wohnen&#8221;\u00a0der Landesberatungsstelle Neues Wohnen Rheinland-Pfalz finden Sie hier:<\/div>\n<div><a href=\"http:\/\/unser-domizil.de\/wp-content\/uploads\/2017\/08\/2017_LZG_Broschuere_Mietervereine-LB_Neues_Wohnen.pdf\">Broschuere Mietervereine Neues Wohnen<\/a><\/div>\n","protected":false},"excerpt":{"rendered":"<p>In der Wohnanlage &#8220;Unser Domizil&#8221; sollen Familien und Freunde zu erschwinglichen Mieten einen Platz zum Wohnen und Erholen finden.\u00a0Jeder Mietpartei steht in Form der eigenen Wohnung ein pers\u00f6nlicher privater Platz zur freien Entfaltung zu; die zus\u00e4tzlich verf\u00fcgbaren Gemeinschaftsfl\u00e4chen innen und drau\u00dfen sollen nach den gemeinsamen W\u00fcnschen der Bewohner einzeln und\/oder gemeinschaftlich genutzt und bewirtschaftet werden. Damit die nachbarliche Gemeinschaft auf Dauer funktionieren kann , wird von Seiten des Eigent\u00fcmers Wert auf Toleranz, R\u00fccksichtnahme und Harmonie der Mietparteien untereinander gelegt. Nach&#8230;<\/p>\n<p class=\"read-more\"><a class=\"btn btn-default\" href=\"https:\/\/unser-domizil.de\/?page_id=2\">Weiterlesen<span class=\"screen-reader-text\"> Weiterlesen<\/span><\/a><\/p>\n","protected":false},"author":1,"featured_media":0,"parent":0,"menu_order":0,"comment_status":"closed","ping_status":"closed","template":"","meta":[],"_links":{"self":[{"href":"https:\/\/unser-domizil.de\/index.php?rest_route=\/wp\/v2\/pages\/2"}],"collection":[{"href":"https:\/\/unser-domizil.de\/index.php?rest_route=\/wp\/v2\/pages"}],"about":[{"href":"https:\/\/unser-domizil.de\/index.php?rest_route=\/wp\/v2\/types\/page"}],"author":[{"embeddable":true,"href":"https:\/\/unser-domizil.de\/index.php?rest_route=\/wp\/v2\/users\/1"}],"replies":[{"embeddable":true,"href":"https:\/\/unser-domizil.de\/index.php?rest_route=%2Fwp%2Fv2%2Fcomments&post=2"}],"version-history":[{"count":11,"href":"https:\/\/unser-domizil.de\/index.php?rest_route=\/wp\/v2\/pages\/2\/revisions"}],"predecessor-version":[{"id":440,"href":"https:\/\/unser-domizil.de\/index.php?rest_route=\/wp\/v2\/pages\/2\/revisions\/440"}],"wp:attachment":[{"href":"https:\/\/unser-domizil.de\/index.php?rest_route=%2Fwp%2Fv2%2Fmedia&parent=2"}],"curies":[{"name":"wp","href":"https:\/\/api.w.org\/{rel}","templated":true}]}}