{"id":337,"date":"2018-09-01T18:36:55","date_gmt":"2018-09-01T18:36:55","guid":{"rendered":"http:\/\/www.unser-domizil.de\/?page_id=337"},"modified":"2018-09-01T19:00:36","modified_gmt":"2018-09-01T19:00:36","slug":"datenschutzerklaerung","status":"publish","type":"page","link":"https:\/\/unser-domizil.de\/?page_id=337","title":{"rendered":"Datenschutzerkl\u00e4rung"},"content":{"rendered":"<div><strong>Rechtliche Grundlage und Zweck der Erhebung und Nutzung personenbezogener Daten<\/strong><\/div>\n<div>Personenbezogene Daten sind Einzelangaben \u00fcber pers\u00f6nliche oder sachliche Verh\u00e4ltnisse einer bestimmten oder bestimmbaren nat\u00fcrlichen Person, die geeignet sind, diese zu identifizieren.<br \/>\nRechtliche Grundlage f\u00fcr unseren Umgang mit personenbezogenen Daten ist die Datenschutzgrundverordnung (DSGVO, ab 25.05.2018) sowie das Bundesdatenschutzgesetz (BDSG). Demgem\u00e4\u00df nehmen wir die Erhebung, Verarbeitung und Nutzung\u00a0 personenbezogener Daten ausschlie\u00dflich f\u00fcr eigene Zwecke vor und erheben Daten nur f\u00fcr den Zweck, f\u00fcr den sie auch genutzt werden. Wir verpflichten uns, die erhobenen Daten nur als Mittel zur Erf\u00fcllung eigener Gesch\u00e4ftszwecke und satzungsgem\u00e4\u00dfer Aufgaben zu verwenden.Ihre Rechte auf Auskunft, Berichtigung, L\u00f6schung, Sperrung und \u00dcbertragbarkeit personenbezogener DatenSie haben das Recht,<\/div>\n<ul>\n<li>jederzeit auf Anfrage formlos und unentgeltlich Auskunft \u00fcber Ihre gespeicherten personenbezogenen Daten zu erhalten.<\/li>\n<li>die Berichtigung unrichtiger Daten zu verlangen.<\/li>\n<li>Ihre Daten l\u00f6schen zu lassen.<\/li>\n<li>die Verarbeitung Ihrer Daten einschr\u00e4nken zu lassen.<\/li>\n<li>jederzeit gegen die Verarbeitung Ihrer Daten Widerspruch einzulegen.<\/li>\n<li>Ihr Einverst\u00e4ndnis zur Erhebung, Verarbeitung und Nutzung Ihrer personenbezogenen Daten per Email unter prof.goetzke(at)googlemail.com oder in anderer schriftlicher Form zu widerrufen, ohne dass die Rechtm\u00e4\u00dfigkeit des aufgrund Ihres Einverst\u00e4ndnisses bis zum Widerruf erfolgten Verarbeitung Ihrer Daten hierdurch ber\u00fchrt wird. Bei Vorliegen der gesetzlichen Voraussetzungen werden die Daten werden dann umgehend gel\u00f6scht bzw. gesperrt.<\/li>\n<li>Ihre Daten an einen anderen Verantwortlichen zu \u00fcbermitteln bzw. &#8211; so weit dies technisch machbar ist &#8211; von uns \u00fcbermitteln zu lassen.<\/li>\n<\/ul>\n<div><\/div>\n<div><strong>Ansprechpartner f\u00fcr Datenschutz<\/strong><\/div>\n<div>Prof. Dr. Wolfgang Goetzke<\/div>\n<div>Im Hoernchen 12<\/div>\n<div>51429 Bergisch Gladbach<br \/>\nprof.Goetzke(at)googlemail.com<\/div>\n<div><\/div>\n<div><\/div>\n<div><strong>Speicherung von Zugriffsdaten<\/strong><\/div>\n<div>Bei jedem Zugriff auf unseren Webseiten werden Zugriffsdaten in einer Protokolldatei auf dem Server unseres Providers gespeichert. Dieser Datensatz besteht aus Ihrer IP-Adresse, Datum und Uhrzeit der Anforderung, dem Namen der angeforderten Datei, dem Dateinamen, von der aus die Datei angefordert wurde, der \u00fcbertragenen Datenmenge und dem Zugriffsstatus, einer Beschreibung des verwendeten Webbrowsers und Betriebssystems sowie dem Namen Ihres Internet Service Providers. Diese Daten werden aus technischen Gr\u00fcnden erhoben. Eine Auswertung findet ausschlie\u00dflich zu statistischen Zwecken und ohne Personenbezug statt.<\/div>\n<div><\/div>\n<div><\/div>\n<div><strong>Cookies<\/strong><\/div>\n<div>Wir speichern auf Ihrer Festplatte Cookies. Diese enthalten eine eindeutige Nummer, die au\u00dferhalb unserer Website keine Bedeutung hat. Die Cookies werden nach dem Ende Ihres Besuchs automatisch gel\u00f6scht. Die Cookies werden ben\u00f6tigt, um Ihnen bestimmte Leistungen und Angebote uneingeschr\u00e4nkt zur Verf\u00fcgung zu stellen &#8211; zum Beispiel, um Sie nach erfolgreicher Anmeldung in einem gesch\u00fctzten Bereich f\u00fcr die gesamte Dauer Ihres Besuches zu identifizieren und autorisieren. Sie haben das Recht und die M\u00f6glichkeit, Ihren Browser so einzurichten, dass er unsere Cookies ablehnt. In diesem Fall kann allerdings der Funktionsumfang unseres Internetangebots eingeschr\u00e4nkt sein.<\/div>\n<div><\/div>\n<div><\/div>\n<div><strong>Haftung f\u00fcr eigene Inhalte<\/strong><\/div>\n<div>Die Inhalte dieser Seiten wurden mit gr\u00f6\u00dfter Sorgfalt erstellt. F\u00fcr die Richtigkeit, Vollst\u00e4ndigkeit und Aktualit\u00e4t der Inhalte k\u00f6nnen wir jedoch keine Gew\u00e4hr \u00fcbernehmen. Als Diensteanbieter sind wir f\u00fcr eigene Inhalte auf diesen Seiten nach den allgemeinen Gesetzen verantwortlich.<\/div>\n<div><\/div>\n<div><\/div>\n<div><strong>Haftung f\u00fcr Links (Inhalte fremder Anbieter)<\/strong>Von diesen eigenen Inhalten sind Querverweise (&#8220;Links&#8221;) auf die von anderen Anbietern bereitgehaltenen Inhalte zu unterscheiden. Auf deren Inhalt haben wir keinen Einfluss; f\u00fcr die Inhalte der verlinkten Seiten ist stets der jeweilige Anbieter oder Betreiber der Seiten verantwortlich.<\/div>\n<div><\/div>\n<div><\/div>\n<div><strong>Kommentarfunktion<\/strong><\/div>\n<div>Zu bestimmten Inhalten stellen wir eine Kommentarfunktion zur Verf\u00fcgung. Um dort Beitr\u00e4ge einstellen zu k\u00f6nnen, m\u00fcssen Sie Ihren Klarnamen und Ihre E-Mail-Adresse eingeben. Wenn Sie Beitr\u00e4ge schreiben, wird Ihre IP-Adresse gespeichert. Die Beitr\u00e4ge erscheinen erst nach einer Pr\u00fcfung durch die Redaktion. Dabei behalten wir uns das Recht vor, ggf. Beitr\u00e4ge nicht freizuschalten bzw. l\u00f6schen &#8211; z. B. wenn sie widerrechtliche Inhalte enthalten. Die IP-Adresse wird gel\u00f6scht, sobald wir Ihren Beitrag zur Kenntnis genommen haben.<\/div>\n<div><\/div>\n<div><\/div>\n<div><strong>Facebook Gef\u00e4llt-mir-Button<\/strong><\/div>\n<div>Auf unseren Webseiten sind Plugins des sozialen Netzwerks Facebook eingebunden (Facebook Ireland Limited, Hanover Reach, 5-7 Hanover Quay, Dublin 2 Ireland). Die Plugins erkennen Sie an dem Facebook-Logo. Wenn Sie eine unserer Seiten besuchen, die ein solches Plugin enth\u00e4lt, baut Ihr Browser eine direkte Verbindung mit den Servern von Facebook auf. Facebook erh\u00e4lt dadurch die Information, dass Sie mit Ihrer IP-Adresse unsere Seite besucht haben. Wenn Sie bei Facebook eingeloggt sind, kann Facebook den Besuch Ihrem Facebook-Konto zuordnen. Wenn Sie mit den Plugins interagieren, zum Beispiel auf den &#8220;Gef\u00e4llt mir&#8221;-Button klicken oder einen Kommentar abgeben, wird die entsprechende Information von Ihrem Browser direkt an Facebook \u00fcbermittelt und dort gespeichert. Da diese \u00dcbertragung direkt verl\u00e4uft, erhalten wir keine Kenntnis von den \u00fcbermittelten Daten. Informationen zu Zweck und Umfang der Datenerhebung durch Facebook, die weitere Verarbeitung und Nutzung der Daten durch Facebook sowie Ihre diesbez\u00fcglichen Rechte und Einstellungsm\u00f6glichkeiten zum Schutz Ihrer Privatssph\u00e4re entnehmen Sie bitte den Datenschutzhinweisen von Facebook unter\u00a0<a href=\"http:\/\/de-de.facebook.com\/privacy\/explanation.php.\">http:\/\/de-de.facebook.com\/privacy\/explanation.php.<\/a><\/div>\n<div><\/div>\n<div><\/div>\n<div><\/div>\n<div><strong>Twitter Tweet-Button<\/strong><\/div>\n<div>Auf unseren Seiten sind Funktionen des Dienstes Twitter eingebunden. Diese Funktionen werden angeboten durch die Twitter Inc., 1355 Market Street, Suite 900, San Francisco, CA 94103, USA. Durch das Benutzen von Twitter und der Funktion &#8220;Re-Tweet&#8221; werden die von Ihnen besuchten Webseiten mit Ihrem Twitter-Account verkn\u00fcpft und anderen Nutzern bekannt gegeben. Dabei werden auch Daten an Twitter \u00fcbertragen. Wir weisen darauf hin, dass wir als Anbieter der Seiten keine Kenntnis vom Inhalt der \u00fcbermittelten Daten sowie deren Nutzung durch Twitter erhalten. Weitere Informationen hierzu finden Sie in der Datenschutzerkl\u00e4rung von Twitter unter\u00a0<a href=\"http:\/\/twitter.com\/privacy\">http:\/\/twitter.com\/privacy<\/a>\u00a0[externe Seite]. Ihre Datenschutzeinstellungen bei Twitter k\u00f6nnen Sie in den Konto-Einstellungen unter:\u00a0<a href=\"http:\/\/twitter.com\/account\/settings\">http:\/\/twitter.com\/account\/settings<\/a>\u00a0[externe Seite] \u00e4ndern.<\/div>\n<div><\/div>\n<div><\/div>\n<div><\/div>\n<div><strong>Google Plus<\/strong><\/div>\n<div>Diese Webseite verwendet die sog. \u201eG+\u201c-Schaltfl\u00e4che des sozialen Netzwerkes Google Plus, welches von der Google Inc., 1600 Amphitheatre Parkway, Mountain View, CA 94043, United States betrieben wird (\u201eGoogle\u201c). Die Schaltfl\u00e4che ist an dem Zeichen \u201eG+\u201c zu erkennen. Wenn Sie bei Google Plus registriert sind, k\u00f6nnen Sie mit der \u201eG+\u201c Schaltfl\u00e4che Ihr Interesse an unserer Webseite ausdr\u00fccken und Inhalte von unserer Webseite auf Google Plus teilen. In dem Falle speichert Google sowohl die Information, dass Sie f\u00fcr einen unserer Inhalte ein \u201eG+\u201c gegeben haben, als auch Informationen \u00fcber die Seite, die Sie dabei angesehen haben. Ihre \u201eG+\u201c k\u00f6nnen m\u00f6glicherweise zusammen mit Ihrem Namen (ggf. auch mit Foto \u2013 soweit vorhanden) bei Google Plus in weiteren Google-Diensten, wie der Google Suche oder Ihrem Google-Profil, eingeblendet werden.Zweck und Umfang der Datenerhebung und die weitere Verarbeitung und Nutzung der Daten durch Google sowie Ihre diesbez\u00fcglichen Rechte und Einstellungsm\u00f6glichkeiten zum Schutz Ihrer Privatsph\u00e4re entnehmen Sie bitte Googles Datenschutzhinweisen:\u00a0<a href=\"https:\/\/www.google.com\/intl\/de\/policies\/privacy\/\" rel=\"nofollow\">https:\/\/www.google.com\/intl\/de\/policies\/privacy\/<\/a><\/div>\n<div><\/div>\n<div><\/div>\n<div><strong>YouTube<\/strong><\/div>\n<div>Unsere Webseite nutzt Plugins der von Google betriebenen Seite YouTube. Betreiber der Seiten ist die YouTube, LLC, 901 Cherry Ave., San Bruno, CA 94066, USA. Wenn Sie eine unserer mit einem YouTube-Plugin ausgestatteten Seiten besuchen, wird eine Verbindung zu den Servern von YouTube hergestellt. Dabei wird dem Youtube-Server mitgeteilt, welche unserer Seiten Sie besucht haben. Wenn Sie in Ihrem Y-ouTube-Account eingeloggt sind erm\u00f6glichen Sie YouTube, Ihr Surfverhalten direkt Ihrem pers\u00f6nlichen Profil zuzuordnen. Dies k\u00f6nnen Sie verhindern, indem Sie sich aus Ihrem YouTube-Account ausloggen. Weitere Informationen zum Umgang von Nutzerdaten finden Sie in der Datenschutzerkl\u00e4rung von YouTube unter:\u00a0<a href=\"https:\/\/www.google.de\/intl\/de\/policies\/privacy\">https:\/\/www.google.de\/intl\/de\/policies\/privacy<\/a>\u00a0[externe Seite]<\/div>\n<div><\/div>\n<div><\/div>\n<div><strong>Widerspruch gegen Werbe-Mails<\/strong><\/div>\n<div>Der Nutzung von im Rahmen der Impressumspflicht ver\u00f6ffentlichten Kontaktdaten zur \u00dcbersendung von nicht ausdr\u00fccklich angeforderter Werbung und Informationsmaterialien wird hiermit widersprochen. Die Betreiber der Seiten behalten sich ausdr\u00fccklich rechtliche Schritte im Falle der unverlangten Zusendung von Werbeinformationen, etwa durch Spam-E-Mails, vor.<\/div>\n","protected":false},"excerpt":{"rendered":"<p>Rechtliche Grundlage und Zweck der Erhebung und Nutzung personenbezogener Daten Personenbezogene Daten sind Einzelangaben \u00fcber pers\u00f6nliche oder sachliche Verh\u00e4ltnisse einer bestimmten oder bestimmbaren nat\u00fcrlichen Person, die geeignet sind, diese zu identifizieren. Rechtliche Grundlage f\u00fcr unseren Umgang mit personenbezogenen Daten ist die Datenschutzgrundverordnung (DSGVO, ab 25.05.2018) sowie das Bundesdatenschutzgesetz (BDSG). Demgem\u00e4\u00df nehmen wir die Erhebung, Verarbeitung und Nutzung\u00a0 personenbezogener Daten ausschlie\u00dflich f\u00fcr eigene Zwecke vor und erheben Daten nur f\u00fcr den Zweck, f\u00fcr den sie auch genutzt werden. Wir verpflichten uns,&#8230;<\/p>\n<p class=\"read-more\"><a class=\"btn btn-default\" href=\"https:\/\/unser-domizil.de\/?page_id=337\">Weiterlesen<span class=\"screen-reader-text\"> Weiterlesen<\/span><\/a><\/p>\n","protected":false},"author":1,"featured_media":0,"parent":341,"menu_order":0,"comment_status":"closed","ping_status":"closed","template":"","meta":[],"_links":{"self":[{"href":"https:\/\/unser-domizil.de\/index.php?rest_route=\/wp\/v2\/pages\/337"}],"collection":[{"href":"https:\/\/unser-domizil.de\/index.php?rest_route=\/wp\/v2\/pages"}],"about":[{"href":"https:\/\/unser-domizil.de\/index.php?rest_route=\/wp\/v2\/types\/page"}],"author":[{"embeddable":true,"href":"https:\/\/unser-domizil.de\/index.php?rest_route=\/wp\/v2\/users\/1"}],"replies":[{"embeddable":true,"href":"https:\/\/unser-domizil.de\/index.php?rest_route=%2Fwp%2Fv2%2Fcomments&post=337"}],"version-history":[{"count":10,"href":"https:\/\/unser-domizil.de\/index.php?rest_route=\/wp\/v2\/pages\/337\/revisions"}],"predecessor-version":[{"id":358,"href":"https:\/\/unser-domizil.de\/index.php?rest_route=\/wp\/v2\/pages\/337\/revisions\/358"}],"up":[{"embeddable":true,"href":"https:\/\/unser-domizil.de\/index.php?rest_route=\/wp\/v2\/pages\/341"}],"wp:attachment":[{"href":"https:\/\/unser-domizil.de\/index.php?rest_route=%2Fwp%2Fv2%2Fmedia&parent=337"}],"curies":[{"name":"wp","href":"https:\/\/api.w.org\/{rel}","templated":true}]}}