{"id":64,"date":"2017-11-24T19:01:12","date_gmt":"2017-11-24T19:01:12","guid":{"rendered":"http:\/\/unser-domizil.de\/?page_id=64"},"modified":"2021-07-24T14:35:29","modified_gmt":"2021-07-24T14:35:29","slug":"test","status":"publish","type":"page","link":"https:\/\/unser-domizil.de\/","title":{"rendered":"Willkommen in &#8220;unserem Domizil&#8221;"},"content":{"rendered":"<p>Die komplett energieeffizient grund-sanierte Wohnanlage \u201eIm H\u00f6rnchen\u201c ist\u00a0 2018\u00a0 bezugsfertig geworden. Schnell waren alle Wohneinheiten besetzt. Bedingt durch pers\u00f6nliche Umst\u00e4nde werden aber immer wieder einmal Wohnungen wieder frei, so dass Nachfolgemieter aufgenommen werden k\u00f6nnen. Um die hier realisierte Idee des &#8220;Gemeinschaftswohnens&#8221; vorzustellen, wird das Modell an dieser Stelle kurz vorgestellt.<\/p>\n<p><img decoding=\"async\" loading=\"lazy\" class=\"alignnone size-full wp-image-224\" src=\"http:\/\/unser-domizil.de\/wp-content\/uploads\/2018\/02\/aussenansicht.jpg\" alt=\"\" width=\"2000\" height=\"1326\" srcset=\"https:\/\/unser-domizil.de\/wp-content\/uploads\/2018\/02\/aussenansicht.jpg 2000w, https:\/\/unser-domizil.de\/wp-content\/uploads\/2018\/02\/aussenansicht-300x199.jpg 300w, https:\/\/unser-domizil.de\/wp-content\/uploads\/2018\/02\/aussenansicht-768x509.jpg 768w, https:\/\/unser-domizil.de\/wp-content\/uploads\/2018\/02\/aussenansicht-1024x679.jpg 1024w\" sizes=\"(max-width: 2000px) 100vw, 2000px\" \/><\/p>\n","protected":false},"excerpt":{"rendered":"<p>Die komplett energieeffizient grund-sanierte Wohnanlage \u201eIm H\u00f6rnchen\u201c ist\u00a0 2018\u00a0 bezugsfertig geworden. Schnell waren alle Wohneinheiten besetzt. Bedingt durch pers\u00f6nliche Umst\u00e4nde werden aber immer wieder einmal Wohnungen wieder frei, so dass Nachfolgemieter aufgenommen werden k\u00f6nnen. Um die hier realisierte Idee des &#8220;Gemeinschaftswohnens&#8221; vorzustellen, wird das Modell an dieser Stelle kurz vorgestellt.<\/p>\n","protected":false},"author":3,"featured_media":0,"parent":0,"menu_order":0,"comment_status":"closed","ping_status":"closed","template":"","meta":[],"_links":{"self":[{"href":"https:\/\/unser-domizil.de\/index.php?rest_route=\/wp\/v2\/pages\/64"}],"collection":[{"href":"https:\/\/unser-domizil.de\/index.php?rest_route=\/wp\/v2\/pages"}],"about":[{"href":"https:\/\/unser-domizil.de\/index.php?rest_route=\/wp\/v2\/types\/page"}],"author":[{"embeddable":true,"href":"https:\/\/unser-domizil.de\/index.php?rest_route=\/wp\/v2\/users\/3"}],"replies":[{"embeddable":true,"href":"https:\/\/unser-domizil.de\/index.php?rest_route=%2Fwp%2Fv2%2Fcomments&post=64"}],"version-history":[{"count":10,"href":"https:\/\/unser-domizil.de\/index.php?rest_route=\/wp\/v2\/pages\/64\/revisions"}],"predecessor-version":[{"id":445,"href":"https:\/\/unser-domizil.de\/index.php?rest_route=\/wp\/v2\/pages\/64\/revisions\/445"}],"wp:attachment":[{"href":"https:\/\/unser-domizil.de\/index.php?rest_route=%2Fwp%2Fv2%2Fmedia&parent=64"}],"curies":[{"name":"wp","href":"https:\/\/api.w.org\/{rel}","templated":true}]}}