{"id":79,"date":"2017-11-24T20:24:13","date_gmt":"2017-11-24T20:24:13","guid":{"rendered":"http:\/\/unser-domizil.de\/?page_id=79"},"modified":"2021-07-24T14:16:44","modified_gmt":"2021-07-24T14:16:44","slug":"das-objekt","status":"publish","type":"page","link":"https:\/\/unser-domizil.de\/?page_id=79","title":{"rendered":"Das Wohn-Objekt"},"content":{"rendered":"<p>Die 2008 grundsanierte Wohnanlage \u201eIm H\u00f6rnchen\u201c\u00a0 besteht aus dem Haupthaus mit insgesamt neun Wohnungen und zwei separaten Einfamilienwohnh\u00e4usern. Jede Wohneinheit hat eine individuellen Raumaufteilung und Ausstattung.<\/p>\n<p><img decoding=\"async\" loading=\"lazy\" class=\"alignnone size-full wp-image-11\" src=\"http:\/\/unser-domizil.de\/wp-content\/uploads\/2017\/08\/cropped-IMG_0484.jpg\" alt=\"\" width=\"2000\" height=\"1199\" srcset=\"https:\/\/unser-domizil.de\/wp-content\/uploads\/2017\/08\/cropped-IMG_0484.jpg 2000w, https:\/\/unser-domizil.de\/wp-content\/uploads\/2017\/08\/cropped-IMG_0484-300x180.jpg 300w, https:\/\/unser-domizil.de\/wp-content\/uploads\/2017\/08\/cropped-IMG_0484-768x460.jpg 768w, https:\/\/unser-domizil.de\/wp-content\/uploads\/2017\/08\/cropped-IMG_0484-1024x614.jpg 1024w\" sizes=\"(max-width: 2000px) 100vw, 2000px\" \/><\/p>\n<p>Das park\u00e4hnliche 2 ha gro\u00dfen Anwesen ist komplett eingefriedet. Die zur Immobilie geh\u00f6rende Zufahrt (&#8220;Im H\u00f6rnchen&#8221;) f\u00fchrt zu einem elektrisches Tor, das den Zugang zu einem gro\u00dfz\u00fcgigen privaten Parkplatz \u00f6ffnet,<\/p>\n<p>Das Haupthaus hat auf der Vorderseite einen Innenhof, die s\u00fcdwestlich ausgerichtete R\u00fcckseite\u00a0 er\u00f6ffnet Blicke auf Garten und Wald. Auf dem gro\u00dfen Grundst\u00fcck bieten Freifl\u00e4chen viel Raum zum Erholen. F\u00fcr die Kinder gibt es einen eigenen Kinderspielplatz. Der eigene Tennisplatz (Asche) &#8211; mit Flutlicht &#8211; l\u00e4dt ein zur sportlichen Bet\u00e4tigung.<\/p>\n<p>Das komplett sanierte Anwesen erm\u00f6glicht seinen Bewohner zeitgem\u00e4\u00dfen Wohnkomfort zu erschwinglichen Mieten.<\/p>\n<p>Die hellen Wohnungen haben intelligente Raumaufteilungen und moderne B\u00e4der. Eine moderne Heizanlage wird durch eine Solaranlage auf dem Dach des Geb\u00e4udes unterst\u00fctzt, so dass &#8211; auch dank der neu eingebrachten W\u00e4rmed\u00e4mmung &#8211;\u00a0 Heizkosten gespart werden. Das Anwesen verf\u00fcgt \u00fcber eine eigene L\u00f6schwasserversorgung.<\/p>\n<p>[Best_Wordpress_Gallery id=&#8221;6&#8243; gal_title=&#8221;Das Objekt&#8221;]<\/p>\n","protected":false},"excerpt":{"rendered":"<p>Die 2008 grundsanierte Wohnanlage \u201eIm H\u00f6rnchen\u201c\u00a0 besteht aus dem Haupthaus mit insgesamt neun Wohnungen und zwei separaten Einfamilienwohnh\u00e4usern. Jede Wohneinheit hat eine individuellen Raumaufteilung und Ausstattung. Das park\u00e4hnliche 2 ha gro\u00dfen Anwesen ist komplett eingefriedet. Die zur Immobilie geh\u00f6rende Zufahrt (&#8220;Im H\u00f6rnchen&#8221;) f\u00fchrt zu einem elektrisches Tor, das den Zugang zu einem gro\u00dfz\u00fcgigen privaten Parkplatz \u00f6ffnet, Das Haupthaus hat auf der Vorderseite einen Innenhof, die s\u00fcdwestlich ausgerichtete R\u00fcckseite\u00a0 er\u00f6ffnet Blicke auf Garten und Wald. Auf dem gro\u00dfen Grundst\u00fcck bieten Freifl\u00e4chen&#8230;<\/p>\n<p class=\"read-more\"><a class=\"btn btn-default\" href=\"https:\/\/unser-domizil.de\/?page_id=79\">Weiterlesen<span class=\"screen-reader-text\"> Weiterlesen<\/span><\/a><\/p>\n","protected":false},"author":3,"featured_media":0,"parent":0,"menu_order":0,"comment_status":"closed","ping_status":"closed","template":"","meta":[],"_links":{"self":[{"href":"https:\/\/unser-domizil.de\/index.php?rest_route=\/wp\/v2\/pages\/79"}],"collection":[{"href":"https:\/\/unser-domizil.de\/index.php?rest_route=\/wp\/v2\/pages"}],"about":[{"href":"https:\/\/unser-domizil.de\/index.php?rest_route=\/wp\/v2\/types\/page"}],"author":[{"embeddable":true,"href":"https:\/\/unser-domizil.de\/index.php?rest_route=\/wp\/v2\/users\/3"}],"replies":[{"embeddable":true,"href":"https:\/\/unser-domizil.de\/index.php?rest_route=%2Fwp%2Fv2%2Fcomments&post=79"}],"version-history":[{"count":11,"href":"https:\/\/unser-domizil.de\/index.php?rest_route=\/wp\/v2\/pages\/79\/revisions"}],"predecessor-version":[{"id":438,"href":"https:\/\/unser-domizil.de\/index.php?rest_route=\/wp\/v2\/pages\/79\/revisions\/438"}],"wp:attachment":[{"href":"https:\/\/unser-domizil.de\/index.php?rest_route=%2Fwp%2Fv2%2Fmedia&parent=79"}],"curies":[{"name":"wp","href":"https:\/\/api.w.org\/{rel}","templated":true}]}}