{"id":95,"date":"2017-11-24T20:41:51","date_gmt":"2017-11-24T20:41:51","guid":{"rendered":"http:\/\/unser-domizil.de\/?page_id=95"},"modified":"2018-09-01T19:05:53","modified_gmt":"2018-09-01T19:05:53","slug":"lage","status":"publish","type":"page","link":"https:\/\/unser-domizil.de\/?page_id=95","title":{"rendered":"Lage"},"content":{"rendered":"<p>Die Wohnanlage \u201eIm H\u00f6rnchen\u201c liegt 5 Autominuten von der A4-Autobahnausfahrt Moitzfeld in einem durch Waldst\u00fccke unterteiltem, gehobenen Wohngebiet. Die Wohnanlage liegt am Ende einer Privatstra\u00dfe.<\/p>\n<p>Im 3 Autominuten entfernten Ort Moitzfeld sind alle Infrastrukturen des t\u00e4glichen Bedarfs zu finden (Grundschule, Kindergarten, Supermarkt, B\u00e4cker, Apotheke, Banken, \u00c4rzte etc.). Auch die Orte Bensberg und Untereschbach, die erweiterte Einkaufsm\u00f6glichkeiten bieten, sind innerhalb 5 Minuten zu erreichen. In Bensberg bietet die Strassenbahnlinie 1 die M\u00f6glichkeit K\u00f6ln durch Park- und Ride mit \u00f6ffentlichen Verkehrmitteln innerhalb 35 Minuten zu erreichen.<\/p>\n<p>Die Fahrzeit mit dem Auto in die K\u00f6lner Innenstadt betr\u00e4gt 20 Minuten.<\/p>\n<p>Der K\u00f6nigsforst ist fu\u00dfl\u00e4ufig zu erreichen.<\/p>\n","protected":false},"excerpt":{"rendered":"<p>Die Wohnanlage \u201eIm H\u00f6rnchen\u201c liegt 5 Autominuten von der A4-Autobahnausfahrt Moitzfeld in einem durch Waldst\u00fccke unterteiltem, gehobenen Wohngebiet. Die Wohnanlage liegt am Ende einer Privatstra\u00dfe. Im 3 Autominuten entfernten Ort Moitzfeld sind alle Infrastrukturen des t\u00e4glichen Bedarfs zu finden (Grundschule, Kindergarten, Supermarkt, B\u00e4cker, Apotheke, Banken, \u00c4rzte etc.). Auch die Orte Bensberg und Untereschbach, die erweiterte Einkaufsm\u00f6glichkeiten bieten, sind innerhalb 5 Minuten zu erreichen. In Bensberg bietet die Strassenbahnlinie 1 die M\u00f6glichkeit K\u00f6ln durch Park- und Ride mit \u00f6ffentlichen Verkehrmitteln innerhalb&#8230;<\/p>\n<p class=\"read-more\"><a class=\"btn btn-default\" href=\"https:\/\/unser-domizil.de\/?page_id=95\">Weiterlesen<span class=\"screen-reader-text\"> Weiterlesen<\/span><\/a><\/p>\n","protected":false},"author":3,"featured_media":0,"parent":0,"menu_order":0,"comment_status":"closed","ping_status":"closed","template":"","meta":[],"_links":{"self":[{"href":"https:\/\/unser-domizil.de\/index.php?rest_route=\/wp\/v2\/pages\/95"}],"collection":[{"href":"https:\/\/unser-domizil.de\/index.php?rest_route=\/wp\/v2\/pages"}],"about":[{"href":"https:\/\/unser-domizil.de\/index.php?rest_route=\/wp\/v2\/types\/page"}],"author":[{"embeddable":true,"href":"https:\/\/unser-domizil.de\/index.php?rest_route=\/wp\/v2\/users\/3"}],"replies":[{"embeddable":true,"href":"https:\/\/unser-domizil.de\/index.php?rest_route=%2Fwp%2Fv2%2Fcomments&post=95"}],"version-history":[{"count":6,"href":"https:\/\/unser-domizil.de\/index.php?rest_route=\/wp\/v2\/pages\/95\/revisions"}],"predecessor-version":[{"id":359,"href":"https:\/\/unser-domizil.de\/index.php?rest_route=\/wp\/v2\/pages\/95\/revisions\/359"}],"wp:attachment":[{"href":"https:\/\/unser-domizil.de\/index.php?rest_route=%2Fwp%2Fv2%2Fmedia&parent=95"}],"curies":[{"name":"wp","href":"https:\/\/api.w.org\/{rel}","templated":true}]}}